{"id":5204,"date":"2024-07-08T15:37:47","date_gmt":"2024-07-08T15:37:47","guid":{"rendered":"https:\/\/www.hsefitness.com\/?page_id=5204"},"modified":"2026-01-13T06:17:25","modified_gmt":"2026-01-13T06:17:25","slug":"nous-contacter","status":"publish","type":"page","link":"https:\/\/www.hsefitness.com\/fr\/contact-us\/","title":{"rendered":"Contactez nous"},"content":{"rendered":"<p><div class=\"fusion-fullwidth fullwidth-box fusion-builder-row-1 fusion-flex-container has-pattern-background has-mask-background nonhundred-percent-fullwidth non-hundred-percent-height-scrolling\" style=\"--awb-border-radius-top-left:0px;--awb-border-radius-top-right:0px;--awb-border-radius-bottom-right:0px;--awb-border-radius-bottom-left:0px;--awb-margin-top:5%;--awb-flex-wrap:wrap;\" ><div class=\"fusion-builder-row fusion-row fusion-flex-align-items-flex-start fusion-flex-content-wrap\" style=\"max-width:1248px;margin-left: calc(-4% \/ 2 );margin-right: calc(-4% \/ 2 );\"><div class=\"fusion-layout-column fusion_builder_column fusion-builder-column-0 fusion_builder_column_1_1 1_1 fusion-flex-column fusion-flex-align-self-center\" style=\"--awb-bg-size:cover;--awb-width-large:100%;--awb-margin-top-large:0px;--awb-spacing-right-large:1.92%;--awb-margin-bottom-large:20px;--awb-spacing-left-large:1.92%;--awb-width-medium:100%;--awb-order-medium:0;--awb-spacing-right-medium:1.92%;--awb-spacing-left-medium:1.92%;--awb-width-small:100%;--awb-order-small:0;--awb-spacing-right-small:1.92%;--awb-spacing-left-small:1.92%;\" data-scroll-devices=\"small-visibility,medium-visibility,large-visibility\"><div class=\"fusion-column-wrapper fusion-column-has-shadow fusion-flex-justify-content-space-between fusion-content-layout-column\"><div class=\"fusion-content-boxes content-boxes columns row fusion-columns-3 fusion-columns-total-3 fusion-content-boxes-1 content-boxes-icon-boxed content-left has-flex-alignment\" style=\"--awb-alignment:center;--awb-hover-accent-color:var(--awb-color5);--awb-circle-hover-accent-color:var(--awb-color5);\" data-animationOffset=\"top-into-view\"><div style=\"--awb-backgroundcolor:var(--awb-color1);--awb-iconcolor:var(--awb-color1);\" class=\"fusion-column content-box-column content-box-column content-box-column-1 col-lg-4 col-md-4 col-sm-4 fusion-content-box-hover content-box-column-first-in-row\"><div class=\"col content-box-wrapper content-wrapper-background content-wrapper-boxed link-area-box link-type-text content-icon-wrapper-yes icon-hover-animation-fade fusion-animated\" data-link=\"https:\/\/wa.me\/8615552922850?text=Hi,%20I&#039;m%20interested%20in%20your%20products,%20please%20introduce%20me,%20thank%20you!\" data-link-target=\"_blank\" data-animationType=\"bounceInDown\" data-animationDuration=\"1.0\" data-animationOffset=\"top-into-view\"><div class=\"heading heading-with-icon icon-left\"><a class=\"heading-link\" href=\"https:\/\/wa.me\/8615552922850?text=Hi,%20I&#039;m%20interested%20in%20your%20products,%20please%20introduce%20me,%20thank%20you!\" target=\"_blank\" rel=\"noopener noreferrer\"><div class=\"icon\"><span style=\"height:42px;width:42px;line-height:22px;border-color:rgba(255,255,255,0);border-width:1px;border-style:solid;background-color:var(--awb-custom_color_1);position:absolute;top:-71px;margin-left:-21px;box-sizing:content-box;border-radius:50%;\"><i style=\"border-color:var(--awb-custom_color_1);border-width:1px;background-color:var(--awb-custom_color_1);box-sizing:content-box;height:40px;width:40px;line-height:40px;border-radius:50%;position:relative;top:auto;left:auto;margin:0;border-radius:50%;font-size:20px;\" aria-hidden=\"true\" class=\"fontawesome-icon fa-mobile-alt fas circle-yes\"><\/i><\/span><\/div><h2 class=\"content-box-heading fusion-responsive-typography-calculated\" style=\"--h2_typography-font-size:24px;--fontSize:24;line-height:var(--awb-typography1-line-height);\">Phone\/WhatsApp\/WeChat<\/h2><\/a><\/div><div class=\"fusion-clearfix\"><\/div><div class=\"content-container\">\n<p><span style=\"color: #808080;\"><strong><span style=\"font-size: 18pt;\">+86 15552922850<\/span><\/strong><\/span><\/p>\n<\/div><div class=\"fusion-clearfix\"><\/div><a class=\" fusion-read-more\" href=\"https:\/\/wa.me\/8615552922850?text=Hi,%20I&#039;m%20interested%20in%20your%20products,%20please%20introduce%20me,%20thank%20you!\" target=\"_blank\" rel=\"noopener noreferrer\">Click to contact<\/a><div class=\"fusion-clearfix\"><\/div><\/div><\/div><div style=\"--awb-backgroundcolor:var(--awb-color1);--awb-iconcolor:var(--awb-color1);\" class=\"fusion-column content-box-column content-box-column content-box-column-2 col-lg-4 col-md-4 col-sm-4 fusion-content-box-hover \"><div class=\"col content-box-wrapper content-wrapper-background content-wrapper-boxed link-area-box link-type-text content-icon-wrapper-yes icon-hover-animation-fade fusion-animated\" data-link=\"mailto:info@hsefitness.com?subject=Fitness%20equipment%20consulting%20from%20website\" data-link-target=\"_blank\" data-animationType=\"bounceInDown\" data-animationDuration=\"1.0\" data-animationOffset=\"top-into-view\"><div class=\"heading heading-with-icon icon-left\"><a class=\"heading-link\" href=\"mailto:info@hsefitness.com?subject=Fitness%20equipment%20consulting%20from%20website\" target=\"_blank\" rel=\"noopener noreferrer\"><div class=\"icon\"><span style=\"height:42px;width:42px;line-height:22px;border-color:rgba(255,255,255,0);border-width:1px;border-style:solid;background-color:var(--awb-custom_color_1);position:absolute;top:-71px;margin-left:-21px;box-sizing:content-box;border-radius:50%;\"><i style=\"border-color:var(--awb-custom_color_1);border-width:1px;background-color:var(--awb-custom_color_1);box-sizing:content-box;height:40px;width:40px;line-height:40px;border-radius:50%;position:relative;top:auto;left:auto;margin:0;border-radius:50%;font-size:20px;\" aria-hidden=\"true\" class=\"fontawesome-icon fa-envelope fas circle-yes\"><\/i><\/span><\/div><h2 class=\"content-box-heading fusion-responsive-typography-calculated\" style=\"--h2_typography-font-size:24px;--fontSize:24;line-height:var(--awb-typography1-line-height);\">E-mail<\/h2><\/a><\/div><div class=\"fusion-clearfix\"><\/div><div class=\"content-container\">\n<p><span style=\"color: #808080;\"><strong><span style=\"font-size: 18pt;\">Info@hsefitness.com<\/span><\/strong><\/span><\/p>\n<\/div><div class=\"fusion-clearfix\"><\/div><a class=\" fusion-read-more\" href=\"mailto:info@hsefitness.com?subject=Fitness%20equipment%20consulting%20from%20website\" target=\"_blank\" rel=\"noopener noreferrer\">Click to contact<\/a><div class=\"fusion-clearfix\"><\/div><\/div><\/div><div style=\"--awb-backgroundcolor:var(--awb-color1);--awb-iconcolor:var(--awb-color1);\" class=\"fusion-column content-box-column content-box-column content-box-column-3 col-lg-4 col-md-4 col-sm-4 fusion-content-box-hover content-box-column-last content-box-column-last-in-row\"><div class=\"col content-box-wrapper content-wrapper-background content-wrapper-boxed link-area-box content-icon-wrapper-yes icon-hover-animation-fade fusion-animated\" data-animationType=\"bounceInDown\" data-animationDuration=\"1.0\" data-animationOffset=\"top-into-view\"><div class=\"heading heading-with-icon icon-left\"><div class=\"icon\"><span style=\"height:42px;width:42px;line-height:22px;border-color:rgba(255,255,255,0);border-width:1px;border-style:solid;background-color:var(--awb-custom_color_1);position:absolute;top:-71px;margin-left:-21px;box-sizing:content-box;border-radius:50%;\"><i style=\"border-color:var(--awb-custom_color_1);border-width:1px;background-color:var(--awb-custom_color_1);box-sizing:content-box;height:40px;width:40px;line-height:40px;border-radius:50%;position:relative;top:auto;left:auto;margin:0;border-radius:50%;font-size:20px;\" aria-hidden=\"true\" class=\"fontawesome-icon fa-mobile-alt fas circle-yes\"><\/i><\/span><\/div><h2 class=\"content-box-heading fusion-responsive-typography-calculated\" style=\"--h2_typography-font-size:24px;--fontSize:24;line-height:var(--awb-typography1-line-height);\">Address<\/h2><\/div><div class=\"fusion-clearfix\"><\/div><div class=\"content-container\">\n<p><span style=\"color: #999999;\"><strong>Zhengyang Road, Ningjin County, Dezhou City, Shandong Province, China<\/strong><\/span><\/p>\n<\/div><\/div><\/div><div class=\"fusion-clearfix\"><\/div><\/div><\/div><\/div><\/div><\/div><div class=\"fusion-fullwidth fullwidth-box fusion-builder-row-2 fusion-flex-container has-pattern-background has-mask-background nonhundred-percent-fullwidth non-hundred-percent-height-scrolling\" style=\"--awb-border-radius-top-left:0px;--awb-border-radius-top-right:0px;--awb-border-radius-bottom-right:0px;--awb-border-radius-bottom-left:0px;--awb-margin-bottom:3%;--awb-background-color:#141617;--awb-flex-wrap:wrap;\" ><div class=\"fusion-builder-row fusion-row fusion-flex-align-items-center fusion-flex-content-wrap\" style=\"max-width:1248px;margin-left: calc(-4% \/ 2 );margin-right: calc(-4% \/ 2 );\"><div class=\"fusion-layout-column fusion_builder_column fusion-builder-column-1 fusion_builder_column_1_1 1_1 fusion-flex-column fusion-flex-align-self-center\" style=\"--awb-bg-size:cover;--awb-width-large:100%;--awb-margin-top-large:0px;--awb-spacing-right-large:1.92%;--awb-margin-bottom-large:20px;--awb-spacing-left-large:1.92%;--awb-width-medium:100%;--awb-order-medium:0;--awb-spacing-right-medium:1.92%;--awb-spacing-left-medium:1.92%;--awb-width-small:100%;--awb-order-small:0;--awb-spacing-right-small:1.92%;--awb-spacing-left-small:1.92%;\" data-scroll-devices=\"small-visibility,medium-visibility,large-visibility\"><div class=\"fusion-column-wrapper fusion-column-has-shadow fusion-flex-justify-content-center fusion-content-layout-column\"><div class=\"fusion-text fusion-text-1\" style=\"--awb-line-height:4px;--awb-margin-top:3%;\"><p style=\"text-align: center;\"><strong><span style=\"font-size: 18pt; color: #ffffff;\">Leave Your message<\/span><\/strong><\/p>\n<\/div><\/div><\/div><\/div><\/div><div class=\"fusion-fullwidth fullwidth-box fusion-builder-row-3 fusion-flex-container has-pattern-background has-mask-background nonhundred-percent-fullwidth non-hundred-percent-height-scrolling\" style=\"--awb-border-radius-top-left:0px;--awb-border-radius-top-right:0px;--awb-border-radius-bottom-right:0px;--awb-border-radius-bottom-left:0px;--awb-margin-top:0%;--awb-margin-bottom:0%;--awb-background-color:var(--awb-color1);--awb-flex-wrap:wrap;\" ><div class=\"fusion-builder-row fusion-row fusion-flex-align-items-flex-start fusion-flex-content-wrap\" style=\"max-width:1248px;margin-left: calc(-4% \/ 2 );margin-right: calc(-4% \/ 2 );\"><div class=\"fusion-layout-column fusion_builder_column fusion-builder-column-2 fusion_builder_column_1_1 1_1 fusion-flex-column\" style=\"--awb-bg-size:cover;--awb-width-large:100%;--awb-margin-top-large:0px;--awb-spacing-right-large:1.92%;--awb-margin-bottom-large:20px;--awb-spacing-left-large:1.92%;--awb-width-medium:100%;--awb-order-medium:0;--awb-spacing-right-medium:1.92%;--awb-spacing-left-medium:1.92%;--awb-width-small:100%;--awb-order-small:0;--awb-spacing-right-small:1.92%;--awb-spacing-left-small:1.92%;\"><div class=\"fusion-column-wrapper fusion-column-has-shadow fusion-flex-justify-content-flex-start fusion-content-layout-column\"><div class=\"fusion-text fusion-text-2\">\n<div class=\"wpcf7 no-js\" id=\"wpcf7-f5367-o1\" lang=\"zh-CN\" dir=\"ltr\" data-wpcf7-id=\"5367\">\n<div class=\"screen-reader-response\"><p role=\"status\" aria-live=\"polite\" aria-atomic=\"true\"><\/p> <ul><\/ul><\/div>\n<form action=\"\/fr\/wp-json\/wp\/v2\/pages\/5204#wpcf7-f5367-o1\" method=\"post\" class=\"wpcf7-form init\" aria-label=\"\u7559\u8a00\u8868\u5355\" novalidate=\"novalidate\" data-status=\"init\">\n<fieldset class=\"hidden-fields-container\"><input type=\"hidden\" name=\"_wpcf7\" value=\"5367\" \/><input type=\"hidden\" name=\"_wpcf7_version\" value=\"6.1.5\" \/><input type=\"hidden\" name=\"_wpcf7_locale\" value=\"zh_CN\" \/><input type=\"hidden\" name=\"_wpcf7_unit_tag\" value=\"wpcf7-f5367-o1\" \/><input type=\"hidden\" name=\"_wpcf7_container_post\" value=\"0\" \/><input type=\"hidden\" name=\"_wpcf7_posted_data_hash\" value=\"\" \/>\n<\/fieldset>\n<p><label> <strong>Name<\/strong> <span style=\"color:red;\">*<\/span><br \/>\n<span class=\"wpcf7-form-control-wrap\" data-name=\"your-name\"><input size=\"40\" maxlength=\"400\" class=\"wpcf7-form-control wpcf7-text wpcf7-validates-as-required\" autocomplete=\"name\" aria-required=\"true\" aria-invalid=\"false\" value=\"\" type=\"text\" name=\"your-name\" \/><\/span> <\/label>\n<\/p>\n<p><label> <strong>E-mail<\/strong> <span style=\"color:red;\">*<\/span><br \/>\n<span class=\"wpcf7-form-control-wrap\" data-name=\"your-email\"><input size=\"40\" maxlength=\"400\" class=\"wpcf7-form-control wpcf7-email wpcf7-validates-as-required wpcf7-text wpcf7-validates-as-email\" autocomplete=\"email\" aria-required=\"true\" aria-invalid=\"false\" value=\"\" type=\"email\" name=\"your-email\" \/><\/span> <\/label>\n<\/p>\n<p><label> <strong>Phone\/WhatsApp\/WeChat<\/strong> <span style=\"color:red;\">*<\/span><br \/>\n<span class=\"wpcf7-form-control-wrap\" data-name=\"your-phone\"><input size=\"40\" maxlength=\"400\" class=\"wpcf7-form-control wpcf7-tel wpcf7-validates-as-required wpcf7-text wpcf7-validates-as-tel\" aria-required=\"true\" aria-invalid=\"false\" value=\"\" type=\"tel\" name=\"your-phone\" \/><\/span> <\/label>\n<\/p>\n<p><label> <strong>Message<\/strong> <span style=\"color:red;\">*<\/span><br \/>\n<span class=\"wpcf7-form-control-wrap\" data-name=\"your-message\"><textarea cols=\"40\" rows=\"10\" maxlength=\"2000\" class=\"wpcf7-form-control wpcf7-textarea wpcf7-validates-as-required\" aria-required=\"true\" aria-invalid=\"false\" name=\"your-message\"><\/textarea><\/span> <\/label>\n<\/p>\n<div style=\"text-align: center;\">\n\t<p><input class=\"wpcf7-form-control wpcf7-submit has-spinner\" type=\"submit\" value=\"Send\" \/>\n\t<\/p>\n<\/div><p style=\"display: none !important;\" class=\"akismet-fields-container\" data-prefix=\"_wpcf7_ak_\"><label>&#916;<textarea name=\"_wpcf7_ak_hp_textarea\" cols=\"45\" rows=\"8\" maxlength=\"100\"><\/textarea><\/label><input type=\"hidden\" id=\"ak_js_1\" name=\"_wpcf7_ak_js\" value=\"47\"\/><script type=\"text\/javascript\">\n\/* <![CDATA[ *\/\ndocument.getElementById( \"ak_js_1\" ).setAttribute( \"value\", ( new Date() ).getTime() );\n\/* ]]> *\/\n<\/script>\n<\/p><div class=\"fusion-alert alert custom alert-custom fusion-alert-center wpcf7-response-output awb-alert-native-link-color alert-dismissable awb-alert-close-boxed\" style=\"--awb-border-size:1px;--awb-border-top-left-radius:0px;--awb-border-top-right-radius:0px;--awb-border-bottom-left-radius:0px;--awb-border-bottom-right-radius:0px;\" role=\"alert\"><div class=\"fusion-alert-content-wrapper\"><span class=\"fusion-alert-content\"><\/span><\/div><button type=\"button\" class=\"close toggle-alert\" data-dismiss=\"alert\" aria-label=\"Close\">&times;<\/button><\/div>\n<\/form>\n<\/div>\n\n<\/div><\/div><\/div><\/div><\/div><\/p>\n","protected":false},"excerpt":{"rendered":"","protected":false},"author":1,"featured_media":7929,"parent":0,"menu_order":0,"comment_status":"closed","ping_status":"closed","template":"","meta":{"footnotes":""},"class_list":["post-5204","page","type-page","status-publish","has-post-thumbnail","hentry"],"yoast_head":"<!-- This site is optimized with the Yoast SEO Premium plugin v23.1 (Yoast SEO v27.5) - https:\/\/yoast.com\/product\/yoast-seo-premium-wordpress\/ -->\n<title>Contact HSE Fitness Equipment Factory<\/title>\n<meta name=\"description\" content=\"Phone Number: +86-155-529-22850. Office Location: North of Dongfanghong Road, Qianqiao Town, Economic and Technological Development Zone, Dezhou City, Shandong Province, China.\" \/>\n<meta name=\"robots\" content=\"index, follow, max-snippet:-1, max-image-preview:large, max-video-preview:-1\" \/>\n<link rel=\"canonical\" href=\"https:\/\/www.hsefitness.com\/fr\/nous-contacter\/\" \/>\n<meta property=\"og:locale\" content=\"fr_FR\" \/>\n<meta property=\"og:type\" content=\"article\" \/>\n<meta property=\"og:title\" content=\"Contact us\" \/>\n<meta property=\"og:description\" content=\"Phone Number: +86-155-529-22850. Office Location: North of Dongfanghong Road, Qianqiao Town, Economic and Technological Development Zone, Dezhou City, Shandong Province, China.\" \/>\n<meta property=\"og:url\" content=\"https:\/\/www.hsefitness.com\/fr\/nous-contacter\/\" \/>\n<meta property=\"og:site_name\" content=\"The Largest China Gym &amp; Fitness Equipment Manufacturer for Commercial and Home | HSE Fitness\" \/>\n<meta property=\"article:modified_time\" content=\"2026-01-13T06:17:25+00:00\" \/>\n<meta property=\"og:image\" content=\"https:\/\/www.hsefitness.com\/wp-content\/uploads\/2024\/09\/Detail-02-40.jpg\" \/>\n\t<meta property=\"og:image:width\" content=\"800\" \/>\n\t<meta property=\"og:image:height\" content=\"600\" \/>\n\t<meta property=\"og:image:type\" content=\"image\/jpeg\" \/>\n<meta name=\"twitter:card\" content=\"summary_large_image\" \/>\n<meta name=\"twitter:label1\" content=\"Dur\u00e9e de lecture estim\u00e9e\" \/>\n\t<meta name=\"twitter:data1\" content=\"1 minute\" \/>\n<script type=\"application\/ld+json\" class=\"yoast-schema-graph\">{\"@context\":\"https:\\\/\\\/schema.org\",\"@graph\":[{\"@type\":\"WebPage\",\"@id\":\"https:\\\/\\\/www.hsefitness.com\\\/contact-us\\\/\",\"url\":\"https:\\\/\\\/www.hsefitness.com\\\/contact-us\\\/\",\"name\":\"Contact HSE Fitness Equipment Factory\",\"isPartOf\":{\"@id\":\"https:\\\/\\\/www.hsefitness.com\\\/#website\"},\"primaryImageOfPage\":{\"@id\":\"https:\\\/\\\/www.hsefitness.com\\\/contact-us\\\/#primaryimage\"},\"image\":{\"@id\":\"https:\\\/\\\/www.hsefitness.com\\\/contact-us\\\/#primaryimage\"},\"thumbnailUrl\":\"https:\\\/\\\/www.hsefitness.com\\\/wp-content\\\/uploads\\\/2024\\\/09\\\/Detail-02-40.jpg\",\"datePublished\":\"2024-07-08T15:37:47+00:00\",\"dateModified\":\"2026-01-13T06:17:25+00:00\",\"description\":\"Phone Number: +86-155-529-22850. Office Location: North of Dongfanghong Road, Qianqiao Town, Economic and Technological Development Zone, Dezhou City, Shandong Province, China.\",\"breadcrumb\":{\"@id\":\"https:\\\/\\\/www.hsefitness.com\\\/contact-us\\\/#breadcrumb\"},\"inLanguage\":\"fr-FR\",\"potentialAction\":[{\"@type\":\"ReadAction\",\"target\":[\"https:\\\/\\\/www.hsefitness.com\\\/contact-us\\\/\"]}]},{\"@type\":\"ImageObject\",\"inLanguage\":\"fr-FR\",\"@id\":\"https:\\\/\\\/www.hsefitness.com\\\/contact-us\\\/#primaryimage\",\"url\":\"https:\\\/\\\/www.hsefitness.com\\\/wp-content\\\/uploads\\\/2024\\\/09\\\/Detail-02-40.jpg\",\"contentUrl\":\"https:\\\/\\\/www.hsefitness.com\\\/wp-content\\\/uploads\\\/2024\\\/09\\\/Detail-02-40.jpg\",\"width\":800,\"height\":600},{\"@type\":\"BreadcrumbList\",\"@id\":\"https:\\\/\\\/www.hsefitness.com\\\/contact-us\\\/#breadcrumb\",\"itemListElement\":[{\"@type\":\"ListItem\",\"position\":1,\"name\":\"Home\",\"item\":\"https:\\\/\\\/www.hsefitness.com\\\/\"},{\"@type\":\"ListItem\",\"position\":2,\"name\":\"Contact us\"}]},{\"@type\":\"WebSite\",\"@id\":\"https:\\\/\\\/www.hsefitness.com\\\/#website\",\"url\":\"https:\\\/\\\/www.hsefitness.com\\\/\",\"name\":\"HSE Fitness Equipment Manufacturer | Commercial & Home Gym Equipment | Expert Gym Solutions\",\"description\":\"HSE Fitness, a top commercial and home gym equipment manufacturer in China, produces best-selling, trusted fitness equipment. We support every partner and customer with excellence.\",\"publisher\":{\"@id\":\"https:\\\/\\\/www.hsefitness.com\\\/#organization\"},\"potentialAction\":[{\"@type\":\"SearchAction\",\"target\":{\"@type\":\"EntryPoint\",\"urlTemplate\":\"https:\\\/\\\/www.hsefitness.com\\\/?s={search_term_string}\"},\"query-input\":{\"@type\":\"PropertyValueSpecification\",\"valueRequired\":true,\"valueName\":\"search_term_string\"}}],\"inLanguage\":\"fr-FR\"},{\"@type\":\"Organization\",\"@id\":\"https:\\\/\\\/www.hsefitness.com\\\/#organization\",\"name\":\"HSE Fitness Equipment Manufacturer | Commercial & Home Gym Equipment | Expert Gym Solutions\",\"url\":\"https:\\\/\\\/www.hsefitness.com\\\/\",\"logo\":{\"@type\":\"ImageObject\",\"inLanguage\":\"fr-FR\",\"@id\":\"https:\\\/\\\/www.hsefitness.com\\\/#\\\/schema\\\/logo\\\/image\\\/\",\"url\":\"https:\\\/\\\/www.hsefitness.com\\\/wp-content\\\/uploads\\\/2024\\\/08\\\/LOGO.jpg\",\"contentUrl\":\"https:\\\/\\\/www.hsefitness.com\\\/wp-content\\\/uploads\\\/2024\\\/08\\\/LOGO.jpg\",\"width\":1120,\"height\":1120,\"caption\":\"HSE Fitness Equipment Manufacturer | Commercial & Home Gym Equipment | Expert Gym Solutions\"},\"image\":{\"@id\":\"https:\\\/\\\/www.hsefitness.com\\\/#\\\/schema\\\/logo\\\/image\\\/\"}}]}<\/script>\n<!-- \/ Yoast SEO Premium plugin. -->","yoast_head_json":{"title":"Contacter HSE Fitness Equipment Factory","description":"Num\u00e9ro de t\u00e9l\u00e9phone : +86-155-529-22850. Emplacement du bureau : North of Dongfanghong Road, Qianqiao Town, Economic and Technological Development Zone, Dezhou City, Shandong Province, China.","robots":{"index":"index","follow":"follow","max-snippet":"max-snippet:-1","max-image-preview":"max-image-preview:large","max-video-preview":"max-video-preview:-1"},"canonical":"https:\/\/www.hsefitness.com\/fr\/nous-contacter\/","og_locale":"fr_FR","og_type":"article","og_title":"Contact us","og_description":"Phone Number: +86-155-529-22850. Office Location: North of Dongfanghong Road, Qianqiao Town, Economic and Technological Development Zone, Dezhou City, Shandong Province, China.","og_url":"https:\/\/www.hsefitness.com\/fr\/nous-contacter\/","og_site_name":"The Largest China Gym &amp; Fitness Equipment Manufacturer for Commercial and Home | HSE Fitness","article_modified_time":"2026-01-13T06:17:25+00:00","og_image":[{"width":800,"height":600,"url":"https:\/\/www.hsefitness.com\/wp-content\/uploads\/2024\/09\/Detail-02-40.jpg","type":"image\/jpeg"}],"twitter_card":"summary_large_image","twitter_misc":{"Dur\u00e9e de lecture estim\u00e9e":"1 minute"},"schema":{"@context":"https:\/\/schema.org","@graph":[{"@type":"WebPage","@id":"https:\/\/www.hsefitness.com\/contact-us\/","url":"https:\/\/www.hsefitness.com\/contact-us\/","name":"Contacter HSE Fitness Equipment Factory","isPartOf":{"@id":"https:\/\/www.hsefitness.com\/#website"},"primaryImageOfPage":{"@id":"https:\/\/www.hsefitness.com\/contact-us\/#primaryimage"},"image":{"@id":"https:\/\/www.hsefitness.com\/contact-us\/#primaryimage"},"thumbnailUrl":"https:\/\/www.hsefitness.com\/wp-content\/uploads\/2024\/09\/Detail-02-40.jpg","datePublished":"2024-07-08T15:37:47+00:00","dateModified":"2026-01-13T06:17:25+00:00","description":"Num\u00e9ro de t\u00e9l\u00e9phone : +86-155-529-22850. Emplacement du bureau : North of Dongfanghong Road, Qianqiao Town, Economic and Technological Development Zone, Dezhou City, Shandong Province, China.","breadcrumb":{"@id":"https:\/\/www.hsefitness.com\/contact-us\/#breadcrumb"},"inLanguage":"fr-FR","potentialAction":[{"@type":"ReadAction","target":["https:\/\/www.hsefitness.com\/contact-us\/"]}]},{"@type":"ImageObject","inLanguage":"fr-FR","@id":"https:\/\/www.hsefitness.com\/contact-us\/#primaryimage","url":"https:\/\/www.hsefitness.com\/wp-content\/uploads\/2024\/09\/Detail-02-40.jpg","contentUrl":"https:\/\/www.hsefitness.com\/wp-content\/uploads\/2024\/09\/Detail-02-40.jpg","width":800,"height":600},{"@type":"BreadcrumbList","@id":"https:\/\/www.hsefitness.com\/contact-us\/#breadcrumb","itemListElement":[{"@type":"ListItem","position":1,"name":"Home","item":"https:\/\/www.hsefitness.com\/"},{"@type":"ListItem","position":2,"name":"Contact us"}]},{"@type":"WebSite","@id":"https:\/\/www.hsefitness.com\/#website","url":"https:\/\/www.hsefitness.com\/","name":"HSE Fitness Equipment Manufacturer | Commercial &amp; Home Gym Equipment | Expert Gym Solutions","description":"HSE Fitness, l'un des principaux fabricants chinois d'\u00e9quipements de gymnastique commerciale et domestique, produit des \u00e9quipements de fitness de confiance qui se vendent bien. Nous soutenons chaque partenaire et chaque client avec excellence.","publisher":{"@id":"https:\/\/www.hsefitness.com\/#organization"},"potentialAction":[{"@type":"SearchAction","target":{"@type":"EntryPoint","urlTemplate":"https:\/\/www.hsefitness.com\/?s={search_term_string}"},"query-input":{"@type":"PropertyValueSpecification","valueRequired":true,"valueName":"search_term_string"}}],"inLanguage":"fr-FR"},{"@type":"Organization","@id":"https:\/\/www.hsefitness.com\/#organization","name":"HSE Fitness Equipment Manufacturer | Commercial &amp; Home Gym Equipment | Expert Gym Solutions","url":"https:\/\/www.hsefitness.com\/","logo":{"@type":"ImageObject","inLanguage":"fr-FR","@id":"https:\/\/www.hsefitness.com\/#\/schema\/logo\/image\/","url":"https:\/\/www.hsefitness.com\/wp-content\/uploads\/2024\/08\/LOGO.jpg","contentUrl":"https:\/\/www.hsefitness.com\/wp-content\/uploads\/2024\/08\/LOGO.jpg","width":1120,"height":1120,"caption":"HSE Fitness Equipment Manufacturer | Commercial & Home Gym Equipment | Expert Gym Solutions"},"image":{"@id":"https:\/\/www.hsefitness.com\/#\/schema\/logo\/image\/"}}]}},"_links":{"self":[{"href":"https:\/\/www.hsefitness.com\/fr\/wp-json\/wp\/v2\/pages\/5204","targetHints":{"allow":["GET"]}}],"collection":[{"href":"https:\/\/www.hsefitness.com\/fr\/wp-json\/wp\/v2\/pages"}],"about":[{"href":"https:\/\/www.hsefitness.com\/fr\/wp-json\/wp\/v2\/types\/page"}],"author":[{"embeddable":true,"href":"https:\/\/www.hsefitness.com\/fr\/wp-json\/wp\/v2\/users\/1"}],"replies":[{"embeddable":true,"href":"https:\/\/www.hsefitness.com\/fr\/wp-json\/wp\/v2\/comments?post=5204"}],"version-history":[{"count":1,"href":"https:\/\/www.hsefitness.com\/fr\/wp-json\/wp\/v2\/pages\/5204\/revisions"}],"predecessor-version":[{"id":22618,"href":"https:\/\/www.hsefitness.com\/fr\/wp-json\/wp\/v2\/pages\/5204\/revisions\/22618"}],"wp:featuredmedia":[{"embeddable":true,"href":"https:\/\/www.hsefitness.com\/fr\/wp-json\/wp\/v2\/media\/7929"}],"wp:attachment":[{"href":"https:\/\/www.hsefitness.com\/fr\/wp-json\/wp\/v2\/media?parent=5204"}],"curies":[{"name":"wp","href":"https:\/\/api.w.org\/{rel}","templated":true}]}}